{"id":108,"date":"2025-09-19T12:20:59","date_gmt":"2025-09-19T12:20:59","guid":{"rendered":"https:\/\/afasetimig.com\/?page_id=108"},"modified":"2025-09-19T12:21:00","modified_gmt":"2025-09-19T12:21:00","slug":"que-fem-2","status":"publish","type":"page","link":"https:\/\/afasetimig.com\/index.php\/que-fem-2\/","title":{"rendered":"AFA 7 i mig"},"content":{"rendered":"\n<p><strong>L&#8217;AFA Set i Mig est\u00e0 formada per les fam\u00edlies de l&#8217;escola Cam\u00ed del Mig de Matar\u00f3.<\/strong><\/p>\n\n\n\n<p>L\u2019Associaci\u00f3 de Fam\u00edlies d\u2019Alumnes (AFA) \u00e9s l\u2019espai de trobada per participar, posar en com\u00fa i debatre sobre tots els temes que afecten a l\u2019Escola i, especialment, decidir sobre els que gestiona directament la mateixa Associaci\u00f3 (menjador, extraescolars, casals\u2026)<\/p>\n\n\n\n<ul class=\"wp-block-list\">\n<li>L\u2019AFA \u00e9s una entitat sense afany de lucre que est\u00e0 formada per les fam\u00edlies de l\u2019escola.<\/li>\n<\/ul>\n\n\n\n<ul class=\"wp-block-list\">\n<li>L\u2019AFA \u00e9s un espai de participaci\u00f3 obert a totes les fam\u00edlies de la comunitat educativa. \u00c9s molt necessari que tothom hi pugui participar en la mesura que li sigui possible. Sempre hi ha aspectes a millorar, a transformar, a enriquir.<\/li>\n<\/ul>\n\n\n\n<hr class=\"wp-block-separator has-css-opacity\"\/>\n\n\n\n<h4 class=\"wp-block-heading\">Qui som?<\/h4>\n\n\n\n<div class=\"wp-block-columns is-layout-flex wp-container-core-columns-is-layout-9d6595d7 wp-block-columns-is-layout-flex\">\n<div class=\"wp-block-column is-layout-flow wp-block-column-is-layout-flow\">\n<ul class=\"wp-block-list\">\n<li><strong>Presidenta:<\/strong> Berta Mund\u00f3 Fontdegl\u00f2ria<\/li>\n\n\n\n<li><strong>Vicepresidenta:<\/strong> Aina Teniente Serra<\/li>\n\n\n\n<li><strong>Secret\u00e0ria:<\/strong> Carolina Enrich Rosa<\/li>\n\n\n\n<li><strong>Tresorer: <\/strong>Mart\u00ed Comas Soler<\/li>\n\n\n\n<li><strong>Vocal:<\/strong> Maria Teresa Lafuente Ruiz<\/li>\n\n\n\n<li><strong>Vocal:<\/strong> Mireia Dalmau Mas<\/li>\n\n\n\n<li><strong>Vocal:<\/strong> Filipa Virg\u00edlio<\/li>\n\n\n\n<li><strong>Vocal:<\/strong> Ferran Xiqu\u00e9s Romero<\/li>\n\n\n\n<li><strong>Vocal: <\/strong>Milena Pizzo<\/li>\n<\/ul>\n<\/div>\n\n\n\n<div class=\"wp-block-column is-layout-flow wp-block-column-is-layout-flow\">\n<figure class=\"wp-block-image size-large\"><img loading=\"lazy\" decoding=\"async\" width=\"1024\" height=\"563\" src=\"https:\/\/afasetimig.com\/wp-content\/uploads\/2025\/07\/20250509_primera_reu_1-copia-1024x563.jpeg\" alt=\"\" class=\"wp-image-313\" srcset=\"https:\/\/afasetimig.com\/wp-content\/uploads\/2025\/07\/20250509_primera_reu_1-copia-1024x563.jpeg 1024w, https:\/\/afasetimig.com\/wp-content\/uploads\/2025\/07\/20250509_primera_reu_1-copia-300x165.jpeg 300w, https:\/\/afasetimig.com\/wp-content\/uploads\/2025\/07\/20250509_primera_reu_1-copia-768x422.jpeg 768w, https:\/\/afasetimig.com\/wp-content\/uploads\/2025\/07\/20250509_primera_reu_1-copia.jpeg 1417w\" sizes=\"auto, (max-width: 1024px) 100vw, 1024px\" \/><\/figure>\n<\/div>\n<\/div>\n\n\n\n<hr class=\"wp-block-separator has-alpha-channel-opacity\"\/>\n\n\n\n<h4 class=\"wp-block-heading\">Com participar?<\/h4>\n\n\n\n<p>L\u2019AFA es nodreix de la participaci\u00f3 desinteressada de fam\u00edlies que hi dediquen el seu temps per aconseguir els objectius comuns.<\/p>\n\n\n\n<ul class=\"wp-block-list\">\n<li><strong>Puntualment<\/strong>, en una activitat concreta organitzada per l\u2019AFA:\n<ul class=\"wp-block-list\">\n<li>Festa de nadal<\/li>\n\n\n\n<li>Festa de final de curs<\/li>\n<\/ul>\n<\/li>\n\n\n\n<li>Assistint a les <strong>assemblees ordin\u00e0ries <\/strong>(trimestrals):\n<ul class=\"wp-block-list\">\n<li>1 octubre a les 16:45h.<\/li>\n<\/ul>\n<\/li>\n\n\n\n<li>Col\u00b7laborant en una de les <strong>comissions<\/strong>: comissi\u00f3 de festes, comissi\u00f3 de menjador, altres.<\/li>\n\n\n\n<li>Participant de la<strong> colla gegantera <\/strong>(Sethomes, coques) o flabiolaires<\/li>\n\n\n\n<li>Formant part de la <strong>junta<\/strong><\/li>\n<\/ul>\n\n\n\n<hr class=\"wp-block-separator has-alpha-channel-opacity\"\/>\n\n\n\n<h4 class=\"wp-block-heading\">Qu\u00e8 fa l\u2019AFA?<\/h4>\n\n\n\n<ul class=\"wp-block-list\">\n<li>Participa en el<strong> projecte de l\u2019escola<\/strong>, col\u00b7laborant amb els claustre i participant del consell escolar.<\/li>\n<\/ul>\n\n\n\n<ul class=\"wp-block-list\">\n<li>\u00c9s l\u2019espai on podem <strong>reivindicar millores en el centre<\/strong> educatiu i en l\u2019educaci\u00f3 perqu\u00e8 sigui de qualitat i doni les mateixes oportunitats a tothom.<\/li>\n<\/ul>\n\n\n\n<ul class=\"wp-block-list\">\n<li>Organitza <strong>activitats<\/strong> que complementen les pr\u00f2pies de l\u2019escola i que, alhora, responen a la demanda de les pr\u00f2pies fam\u00edlies (menjador, acollides, casals, extraescolars\u2026)<\/li>\n<\/ul>\n\n\n\n<ul class=\"wp-block-list\">\n<li>Fomenta la<strong> participaci\u00f3 i la interrelaci\u00f3 <\/strong>de tota la comunitat educativa en el projecte de l\u2019escola. Contribueix a la creaci\u00f3 de sentiment de pertinen\u00e7a.<\/li>\n<\/ul>\n\n\n\n<hr class=\"wp-block-separator has-alpha-channel-opacity\"\/>\n\n\n\n<h2 class=\"wp-block-heading\">Contacte<\/h2>\n\n\n\n<div class=\"wp-block-columns is-layout-flex wp-container-core-columns-is-layout-9d6595d7 wp-block-columns-is-layout-flex\">\n<div class=\"wp-block-column is-layout-flow wp-block-column-is-layout-flow\">\n<p><\/p>\n\n\n\n<ul class=\"wp-block-list\">\n<li><strong>QUOTA ANUAL\/FAMILIA:<\/strong>\u00a020\u20ac\/fam\u00edlia anual<\/li>\n\n\n\n<li><strong>EMAIL:<\/strong>\u00a0afasetimig@gmail.com<\/li>\n\n\n\n<li><strong>INSTAGRAM:<\/strong>\u00a0afa_setimig<\/li>\n<\/ul>\n<\/div>\n\n\n\n<div class=\"wp-block-column is-layout-flow wp-block-column-is-layout-flow\"><div class=\"wp-block-image\">\n<figure class=\"aligncenter size-full is-resized\"><img loading=\"lazy\" decoding=\"async\" width=\"394\" height=\"399\" src=\"https:\/\/afasetimig.com\/wp-content\/uploads\/2025\/09\/image-6.png\" alt=\"\" class=\"wp-image-406\" style=\"width:191px;height:auto\" srcset=\"https:\/\/afasetimig.com\/wp-content\/uploads\/2025\/09\/image-6.png 394w, https:\/\/afasetimig.com\/wp-content\/uploads\/2025\/09\/image-6-296x300.png 296w, https:\/\/afasetimig.com\/wp-content\/uploads\/2025\/09\/image-6-60x60.png 60w\" sizes=\"auto, (max-width: 394px) 100vw, 394px\" \/><\/figure>\n<\/div><\/div>\n<\/div>\n","protected":false},"excerpt":{"rendered":"<p>L&#8217;AFA Set i Mig est\u00e0 formada per les fam\u00edlies de l&#8217;escola Cam\u00ed del Mig de Matar\u00f3. L\u2019Associaci\u00f3 de Fam\u00edlies d\u2019Alumnes (AFA) \u00e9s l\u2019espai de trobada per participar, posar en com\u00fa i debatre sobre tots els temes que afecten a l\u2019Escola &hellip; <\/p>\n","protected":false},"author":1,"featured_media":0,"parent":0,"menu_order":5,"comment_status":"closed","ping_status":"closed","template":"","meta":{"footnotes":""},"class_list":["post-108","page","type-page","status-publish","hentry"],"_links":{"self":[{"href":"https:\/\/afasetimig.com\/index.php\/wp-json\/wp\/v2\/pages\/108","targetHints":{"allow":["GET"]}}],"collection":[{"href":"https:\/\/afasetimig.com\/index.php\/wp-json\/wp\/v2\/pages"}],"about":[{"href":"https:\/\/afasetimig.com\/index.php\/wp-json\/wp\/v2\/types\/page"}],"author":[{"embeddable":true,"href":"https:\/\/afasetimig.com\/index.php\/wp-json\/wp\/v2\/users\/1"}],"replies":[{"embeddable":true,"href":"https:\/\/afasetimig.com\/index.php\/wp-json\/wp\/v2\/comments?post=108"}],"version-history":[{"count":17,"href":"https:\/\/afasetimig.com\/index.php\/wp-json\/wp\/v2\/pages\/108\/revisions"}],"predecessor-version":[{"id":481,"href":"https:\/\/afasetimig.com\/index.php\/wp-json\/wp\/v2\/pages\/108\/revisions\/481"}],"wp:attachment":[{"href":"https:\/\/afasetimig.com\/index.php\/wp-json\/wp\/v2\/media?parent=108"}],"curies":[{"name":"wp","href":"https:\/\/api.w.org\/{rel}","templated":true}]}}