{"id":155,"date":"2025-09-19T09:38:15","date_gmt":"2025-09-19T09:38:15","guid":{"rendered":"https:\/\/afasetimig.com\/?page_id=155"},"modified":"2025-09-19T12:17:43","modified_gmt":"2025-09-19T12:17:43","slug":"productes","status":"publish","type":"page","link":"https:\/\/afasetimig.com\/index.php\/productes\/","title":{"rendered":"Productes"},"content":{"rendered":"\n<p class=\"has-text-align-center\">Tria els productes que m\u00e9s t&#8217;agradin aqu\u00ed i els podr\u00e0s recollir a l&#8217;escola, amb cita concertada!<\/p>\n\n\n\n<div class=\"wp-block-columns is-layout-flex wp-container-core-columns-is-layout-9d6595d7 wp-block-columns-is-layout-flex\">\n<div class=\"wp-block-column is-layout-flow wp-block-column-is-layout-flow\"><div class=\"wp-block-image\">\n<figure class=\"aligncenter size-full is-resized\"><img loading=\"lazy\" decoding=\"async\" width=\"265\" height=\"309\" src=\"https:\/\/afasetimig.com\/wp-content\/uploads\/2025\/09\/camiseta.png\" alt=\"\" class=\"wp-image-388\" style=\"width:416px;height:auto\" srcset=\"https:\/\/afasetimig.com\/wp-content\/uploads\/2025\/09\/camiseta.png 265w, https:\/\/afasetimig.com\/wp-content\/uploads\/2025\/09\/camiseta-257x300.png 257w\" sizes=\"auto, (max-width: 265px) 100vw, 265px\" \/><\/figure>\n<\/div><\/div>\n\n\n\n<div class=\"wp-block-column is-layout-flow wp-block-column-is-layout-flow\">\n<figure class=\"wp-block-image size-full\"><img loading=\"lazy\" decoding=\"async\" width=\"423\" height=\"321\" src=\"https:\/\/afasetimig.com\/wp-content\/uploads\/2025\/09\/jaqueta.png\" alt=\"\" class=\"wp-image-387\" srcset=\"https:\/\/afasetimig.com\/wp-content\/uploads\/2025\/09\/jaqueta.png 423w, https:\/\/afasetimig.com\/wp-content\/uploads\/2025\/09\/jaqueta-300x228.png 300w\" sizes=\"auto, (max-width: 423px) 100vw, 423px\" \/><\/figure>\n\n\n\n<figure class=\"wp-block-image size-full is-resized\"><img loading=\"lazy\" decoding=\"async\" width=\"163\" height=\"193\" src=\"https:\/\/afasetimig.com\/wp-content\/uploads\/2025\/09\/shorts.png\" alt=\"\" class=\"wp-image-385\" style=\"width:274px;height:auto\"\/><\/figure>\n<\/div>\n<\/div>\n","protected":false},"excerpt":{"rendered":"<p>Tria els productes que m\u00e9s t&#8217;agradin aqu\u00ed i els podr\u00e0s recollir a l&#8217;escola, amb cita concertada!<\/p>\n","protected":false},"author":1,"featured_media":0,"parent":0,"menu_order":2,"comment_status":"closed","ping_status":"closed","template":"","meta":{"footnotes":""},"class_list":["post-155","page","type-page","status-publish","hentry"],"_links":{"self":[{"href":"https:\/\/afasetimig.com\/index.php\/wp-json\/wp\/v2\/pages\/155","targetHints":{"allow":["GET"]}}],"collection":[{"href":"https:\/\/afasetimig.com\/index.php\/wp-json\/wp\/v2\/pages"}],"about":[{"href":"https:\/\/afasetimig.com\/index.php\/wp-json\/wp\/v2\/types\/page"}],"author":[{"embeddable":true,"href":"https:\/\/afasetimig.com\/index.php\/wp-json\/wp\/v2\/users\/1"}],"replies":[{"embeddable":true,"href":"https:\/\/afasetimig.com\/index.php\/wp-json\/wp\/v2\/comments?post=155"}],"version-history":[{"count":13,"href":"https:\/\/afasetimig.com\/index.php\/wp-json\/wp\/v2\/pages\/155\/revisions"}],"predecessor-version":[{"id":402,"href":"https:\/\/afasetimig.com\/index.php\/wp-json\/wp\/v2\/pages\/155\/revisions\/402"}],"wp:attachment":[{"href":"https:\/\/afasetimig.com\/index.php\/wp-json\/wp\/v2\/media?parent=155"}],"curies":[{"name":"wp","href":"https:\/\/api.w.org\/{rel}","templated":true}]}}