{"id":46,"date":"2025-09-19T12:21:49","date_gmt":"2025-09-19T12:21:49","guid":{"rendered":"https:\/\/afasetimig.com\/?page_id=46"},"modified":"2025-09-19T12:21:50","modified_gmt":"2025-09-19T12:21:50","slug":"menjador","status":"publish","type":"page","link":"https:\/\/afasetimig.com\/index.php\/menjador\/","title":{"rendered":"Menjador"},"content":{"rendered":"\n<h4 class=\"wp-block-heading\"><strong><strong>MEN\u00da <\/strong><\/strong><\/h4>\n\n\n<div class=\"wp-block-image\">\n<figure class=\"aligncenter size-large\"><img loading=\"lazy\" decoding=\"async\" width=\"1024\" height=\"442\" src=\"https:\/\/afasetimig.com\/wp-content\/uploads\/2025\/09\/image-4-1024x442.png\" alt=\"\" class=\"wp-image-373\" srcset=\"https:\/\/afasetimig.com\/wp-content\/uploads\/2025\/09\/image-4-1024x442.png 1024w, https:\/\/afasetimig.com\/wp-content\/uploads\/2025\/09\/image-4-300x130.png 300w, https:\/\/afasetimig.com\/wp-content\/uploads\/2025\/09\/image-4-768x332.png 768w, https:\/\/afasetimig.com\/wp-content\/uploads\/2025\/09\/image-4.png 1364w\" sizes=\"auto, (max-width: 1024px) 100vw, 1024px\" \/><\/figure>\n<\/div>\n\n\n<hr class=\"wp-block-separator has-alpha-channel-opacity\"\/>\n\n\n\n<h4 class=\"wp-block-heading\"><strong>COM FUNCIONA<\/strong><\/h4>\n\n\n\n<p>Per les fam\u00edlies que necessitin que els seus fills es quedin a dinar a l\u2019escola.<\/p>\n\n\n\n<p>El servei es de l&#8217;empresa <strong>Esplais Ludics<\/strong> amb c\u00e0tering de <strong>Masia Bartr\u00e9s SL<\/strong>, ens fa uns \u00e0pats exquisits per agafar forces despr\u00e9s d\u2019un llarg cam\u00ed de classes.<\/p>\n\n\n\n<p>La gesti\u00f3 dels <strong>tiquets<\/strong> \u00e9s a trav\u00e9s del sistema de gesti\u00f3 inform\u00e0tic edugesti\u00f3 mitjan\u00e7ant l\u2019app. All\u00e0 hi realitzeu la compra dels tiquets, i un cop hagueu fet el pagament dels tickets, heu de tornar a la secci\u00f3 de PAGAMENTS i escollir l\u2019opci\u00f3 ASSIGNAR TICKETS MENJADOR, all\u00e0 seleccioneu el fill\/a i marqueu al calendari els dies que voleu que es quedin a dinar. En el cas de tenir m\u00e9s d\u2019un fill\/a haureu de repetir el proc\u00e9s de marcar en el calendari per cadascun.<\/p>\n\n\n\n<p>All\u00e0 tamb\u00e9 teniu una opci\u00f3 per anotar OBSERVACIONS (al\u00b7l\u00e8rgies, tipus de men\u00fa: halal, no carn,\u2026)<\/p>\n\n\n\n<p><em>Us recordem que \u00e9s imprescindible haver assignat el tiquet de menjador per a poder fer \u00fas del servei. En cas de no fer-ho, fins a dues ocasions, l\u2019infant no es podr\u00e0 quedar a dinar.<\/em><\/p>\n\n\n\n<hr class=\"wp-block-separator has-alpha-channel-opacity\"\/>\n\n\n\n<p><strong>Temps de dinar:<\/strong><br>Aquest temps compr\u00e8n l\u2019estona que estem a l\u2019espai del menjador dinant i es treballen tots els h\u00e0bits espec\u00edfics del moment de l\u2019\u00e0pat.<br><br><strong>Temps d\u2019activitats i de joc:<\/strong><br>Aquest espai de temps compr\u00e8n totes aquelles activitats que l\u2019equip de monitors\/es ha programat per dur a terme di\u00e0riament a les estones d\u2019abans o despr\u00e9s de l\u2019\u00e0pat. En aquest temps els infants decideixen acompanyats pels monitors els seus jocs lliurement.<\/p>\n\n\n\n<p><strong>Temps de descans:<\/strong><br>\u00c9s aquell en el qual els nens i nenes de I3 fan la migdiada*; per acostumar el cos als horaris de descans, treballar els h\u00e0bits de treure i posar sabates, recon\u00e8ixer el seu llitet, quedar-se quiet i tranquil per agafar el son.<\/p>\n\n\n\n<hr class=\"wp-block-separator has-alpha-channel-opacity\"\/>\n\n\n\n<h4 class=\"wp-block-heading\"><strong><strong>Preus Tiquets de Menjador<\/strong><\/strong><\/h4>\n\n\n<div class=\"wp-block-image\">\n<figure class=\"aligncenter size-full\"><img loading=\"lazy\" decoding=\"async\" width=\"561\" height=\"111\" src=\"https:\/\/afasetimig.com\/wp-content\/uploads\/2025\/09\/image-3.png\" alt=\"\" class=\"wp-image-359\" srcset=\"https:\/\/afasetimig.com\/wp-content\/uploads\/2025\/09\/image-3.png 561w, https:\/\/afasetimig.com\/wp-content\/uploads\/2025\/09\/image-3-300x59.png 300w, https:\/\/afasetimig.com\/wp-content\/uploads\/2025\/09\/image-3-555x111.png 555w\" sizes=\"auto, (max-width: 561px) 100vw, 561px\" \/><\/figure>\n<\/div>\n\n\n<hr class=\"wp-block-separator has-alpha-channel-opacity\"\/>\n\n\n\n<h4 class=\"wp-block-heading\"><strong>Beques Menjador<\/strong><\/h4>\n\n\n\n<p>Fam\u00edlies becades consulteu amb la coordinaci\u00f3 del menjador.<\/p>\n\n\n\n<hr class=\"wp-block-separator has-alpha-channel-opacity\"\/>\n\n\n\n<h4 class=\"wp-block-heading\"><strong>CONTACTES<\/strong><\/h4>\n\n\n\n<div class=\"wp-block-columns is-layout-flex wp-container-core-columns-is-layout-9d6595d7 wp-block-columns-is-layout-flex\">\n<div class=\"wp-block-column is-layout-flow wp-block-column-is-layout-flow\">\n<figure class=\"wp-block-image size-full\"><img loading=\"lazy\" decoding=\"async\" width=\"386\" height=\"297\" src=\"https:\/\/afasetimig.com\/wp-content\/uploads\/2025\/09\/ESPLAISLUDICS-1.jpg\" alt=\"\" class=\"wp-image-376\" srcset=\"https:\/\/afasetimig.com\/wp-content\/uploads\/2025\/09\/ESPLAISLUDICS-1.jpg 386w, https:\/\/afasetimig.com\/wp-content\/uploads\/2025\/09\/ESPLAISLUDICS-1-300x231.jpg 300w\" sizes=\"auto, (max-width: 386px) 100vw, 386px\" \/><\/figure>\n<\/div>\n\n\n\n<div class=\"wp-block-column is-layout-flow wp-block-column-is-layout-flow\">\n<p><strong>CONTACTE:<br>esplaisludicscamidelmig@gmail.com<br><br>621.07.06.83<\/strong><\/p>\n<\/div>\n<\/div>\n\n\n\n<hr class=\"wp-block-separator has-alpha-channel-opacity\"\/>\n\n\n\n<div class=\"wp-block-columns is-layout-flex wp-container-core-columns-is-layout-9d6595d7 wp-block-columns-is-layout-flex\">\n<div class=\"wp-block-column is-layout-flow wp-block-column-is-layout-flow\">\n<figure class=\"wp-block-image is-resized\"><img loading=\"lazy\" decoding=\"async\" width=\"262\" height=\"147\" src=\"https:\/\/afasetimig.com\/wp-content\/uploads\/2020\/11\/image.png\" alt=\"\" class=\"wp-image-47\" style=\"width:371px;height:auto\"\/><\/figure>\n<\/div>\n\n\n\n<div class=\"wp-block-column is-layout-flow wp-block-column-is-layout-flow\">\n<p>Tel.:&nbsp;93 792 7001<\/p>\n\n\n\n<p>e-mail:&nbsp;camidelmig@cateringmasiabartres.com<\/p>\n\n\n\n<p><\/p>\n\n\n\n<p>Atenci\u00f3 a les fam\u00edlies: Dilluns-Divendres: 8:50-9:45h. \/ Divendres: 15-16h.<\/p>\n<\/div>\n<\/div>\n","protected":false},"excerpt":{"rendered":"<p>MEN\u00da COM FUNCIONA Per les fam\u00edlies que necessitin que els seus fills es quedin a dinar a l\u2019escola. El servei es de l&#8217;empresa Esplais Ludics amb c\u00e0tering de Masia Bartr\u00e9s SL, ens fa uns \u00e0pats exquisits per agafar forces despr\u00e9s &hellip; <\/p>\n","protected":false},"author":1,"featured_media":0,"parent":0,"menu_order":15,"comment_status":"closed","ping_status":"closed","template":"","meta":{"footnotes":""},"class_list":["post-46","page","type-page","status-publish","hentry"],"_links":{"self":[{"href":"https:\/\/afasetimig.com\/index.php\/wp-json\/wp\/v2\/pages\/46","targetHints":{"allow":["GET"]}}],"collection":[{"href":"https:\/\/afasetimig.com\/index.php\/wp-json\/wp\/v2\/pages"}],"about":[{"href":"https:\/\/afasetimig.com\/index.php\/wp-json\/wp\/v2\/types\/page"}],"author":[{"embeddable":true,"href":"https:\/\/afasetimig.com\/index.php\/wp-json\/wp\/v2\/users\/1"}],"replies":[{"embeddable":true,"href":"https:\/\/afasetimig.com\/index.php\/wp-json\/wp\/v2\/comments?post=46"}],"version-history":[{"count":31,"href":"https:\/\/afasetimig.com\/index.php\/wp-json\/wp\/v2\/pages\/46\/revisions"}],"predecessor-version":[{"id":436,"href":"https:\/\/afasetimig.com\/index.php\/wp-json\/wp\/v2\/pages\/46\/revisions\/436"}],"wp:attachment":[{"href":"https:\/\/afasetimig.com\/index.php\/wp-json\/wp\/v2\/media?parent=46"}],"curies":[{"name":"wp","href":"https:\/\/api.w.org\/{rel}","templated":true}]}}